{"id":163,"date":"2022-06-07T10:26:28","date_gmt":"2022-06-07T10:26:28","guid":{"rendered":"https:\/\/funny-heyrovsky.195-242-103-230.plesk.page\/?page_id=163"},"modified":"2024-02-05T13:01:22","modified_gmt":"2024-02-05T13:01:22","slug":"impressum","status":"publish","type":"page","link":"https:\/\/ihs-lieferservice.de\/index.php\/impressum\/","title":{"rendered":"Impressum"},"content":{"rendered":"<div class=\"et_d4_element et_pb_section et_pb_section_0 et_pb_section_parallax et_pb_with_background  et_pb_css_mix_blend_mode et_section_regular et_block_section\" >\n\t\t\t\t\n\t\t\t\t<span class=\"et_parallax_bg_wrap et-pb-parallax-wrapper\"><span\n\t\t\t\t\t\tclass=\"et_parallax_bg et_pb_parallax_css et_parallax_bg--et_pb_section_0\"\n\t\t\t\t\t\tstyle=\"background-image: url(https:\/\/ihs-lieferservice.de\/wp-content\/uploads\/2022\/06\/1642925729-1.jpg);\"\n\t\t\t\t\t><\/span><\/span>\n\t\t\t\t\n\t\t\t\t\n\t\t\t\t\n\t\t\t\t\n\t\t\t\t<div class=\"et_d4_element et_pb_row et_pb_row_0 et_pb_equal_columns et_pb_gutters1  et_pb_css_mix_blend_mode et_block_row\">\n\t\t\t\t<div class=\"et_d4_element et_pb_column_1_3 et_pb_column et_pb_column_0  et_pb_css_mix_blend_mode et_block_column\">\n\t\t\t\t\n\t\t\t\t\n\t\t\t\t\n\t\t\t\t\n\t\t\t\t<div class=\"et_pb_module et_d4_element et_pb_image et_pb_image_0\">\n\t\t\t\t\n\t\t\t\t\n\t\t\t\t\n\t\t\t\t\n\t\t\t\t<span class=\"et_pb_image_wrap \"><img loading=\"lazy\" decoding=\"async\" width=\"210\" height=\"143\" src=\"https:\/\/ihs-lieferservice.de\/wp-content\/uploads\/2022\/06\/image.png\" alt=\"\" title=\"image\" class=\"wp-image-29\" \/><\/span>\n\t\t\t<\/div>\n\t\t\t<\/div><div class=\"et_d4_element et_pb_column_2_3 et_pb_column et_pb_column_1  et_pb_css_mix_blend_mode et-last-child et_block_column\">\n\t\t\t\t\n\t\t\t\t\n\t\t\t\t\n\t\t\t\t\n\t\t\t\t<div class=\"et_pb_module et_d4_element et_pb_text et_pb_text_0  et_pb_text_align_left et_pb_bg_layout_light\">\n\t\t\t\t\n\t\t\t\t\n\t\t\t\t\n\t\t\t\t\n\t\t\t\t<div class=\"et_pb_text_inner\"><div id=\"cc-m-14628839723\" class=\"j-module n j-header \">\n<div id=\"cc-m-14628839723\" class=\"j-module n j-header \">\n<div id=\"cc-m-14628839823\" class=\"j-module n j-header \">\n<div id=\"cc-m-14637285623\" class=\"j-module n j-header \">\n<div id=\"cc-m-14637373423\" class=\"j-module n j-header \">\n<div id=\"cc-m-14628847323\" class=\"j-module n j-header \">\n<div id=\"cc-m-19007226425\" class=\"j-module n j-header\">\n<h1 style=\"text-align: center;\"><span>Impressum<\/span><\/h1>\n<\/div>\n<\/div>\n<\/div>\n<\/div>\n<\/div>\n<\/div>\n<\/div><\/div>\n\t\t\t<\/div><div class=\"et_pb_module et_d4_element et_pb_text et_pb_text_1  et_pb_text_align_left et_pb_bg_layout_light\">\n\t\t\t\t\n\t\t\t\t\n\t\t\t\t\n\t\t\t\t\n\t\t\t\t<div class=\"et_pb_text_inner\"><h1><span>Impressum<\/span><\/h1>\n<h2><span>Angaben gem\u00e4\u00df \u00a7 5 TMG<\/span><\/h2>\n<p><span>Carmela Arp<\/span><br \/><span>International Food Heimservice<\/span><br \/><span>Plinganserstra\u00dfe 9<\/span><br \/><span>81369 M\u00fcnchen<\/span><\/p>\n<h2><span>Kontakt<\/span><\/h2>\n<p><span>Telefon: 089 74 600 91<\/span><br \/><span>E-Mail: info@ihs-lieferservice.de<\/span><\/p>\n<h2><span>Redaktionell verantwortlich<\/span><\/h2>\n<p>Media Present GmbH<br \/>Wilhelmine-Reichard-Stra\u00dfe 7<br \/>80935 M\u00fcnchen<\/p>\n<p>Telefon: 089 20571770<br \/>E-Mail: info@media-present.de<\/p>\n<p>Website: www.media-present.de<\/p>\n<p>&nbsp;<\/p>\n<p><span>Lizenzbilder:\u00a0AdobeStock_43832756,\u00a0AdobeStock_129414189,\u00a0AdobeStock_204118946,\u00a0AdobeStock_209197378,\u00a0AdobeStock_211036367,\u00a0AdobeStock_216125493,\u00a0AdobeStock_250728620,\u00a0AdobeStock_274973202,\u00a0AdobeStock_330354761,\u00a0AdobeStock_371406139,\u00a0shutterstock_394630294,\u00a0shutterstock_519342574,\u00a0shutterstock_1193273053.<\/span><\/p>\n<h2><span>EU-Streitschlichtung<\/span><\/h2>\n<p><span>Die Europ\u00e4ische Kommission stellt eine Plattform zur Online-Streitbeilegung (OS) bereit:\u00a0<a href=\"https:\/\/ec.europa.eu\/consumers\/odr\/\" target=\"_blank\" rel=\"noopener noreferrer\">https:\/\/ec.europa.eu\/consumers\/odr\/<\/a>.<\/span><br \/><span>Unsere E-Mail-Adresse finden Sie oben im Impressum.<\/span><\/p>\n<h2><span>Verbraucher\u00adstreit\u00adbeilegung\/Universal\u00adschlichtungs\u00adstelle<\/span><\/h2>\n<p><span>Wir nehmen an einem Streitbeilegungsverfahren vor einer Verbraucherschlichtungsstelle teil. Zust\u00e4ndig ist die Universalschlichtungsstelle des Zentrums f\u00fcr Schlichtung e.V., Stra\u00dfburger Stra\u00dfe 8, 77694 Kehl am Rhein (<a href=\"https:\/\/www.verbraucher-schlichter.de\/\" rel=\"noopener noreferrer\" target=\"_blank\">https:\/\/www.verbraucher-schlichter.de<\/a>).<\/span><\/p><\/div>\n\t\t\t<\/div>\n\t\t\t<\/div>\n\t\t\t\t\n\t\t\t\t\n\t\t\t\t\n\t\t\t\t\n\t\t\t<\/div><div class=\"et_d4_element et_pb_row et_pb_row_1 et_pb_equal_columns et_pb_gutters1  et_pb_css_mix_blend_mode et_block_row\">\n\t\t\t\t<div class=\"et_d4_element et_pb_column_1_3 et_pb_column et_pb_column_2  et_pb_css_mix_blend_mode et_block_column et_pb_column_empty\">\n\t\t\t\t\n\t\t\t\t\n\t\t\t\t\n\t\t\t\t\n\t\t\t\t\n\t\t\t<\/div><div class=\"et_d4_element et_pb_column_2_3 et_pb_column et_pb_column_3  et_pb_css_mix_blend_mode et-last-child et_block_column\">\n\t\t\t\t\n\t\t\t\t\n\t\t\t\t\n\t\t\t\t\n\t\t\t\t<div class=\"et_pb_module et_d4_element et_pb_text et_pb_text_2  et_pb_text_align_left et_pb_bg_layout_light\">\n\t\t\t\t\n\t\t\t\t\n\t\t\t\t\n\t\t\t\t\n\t\t\t\t<div class=\"et_pb_text_inner\"><div id=\"cc-m-14628839723\" class=\"j-module n j-header \">\n<div id=\"cc-m-14628839723\" class=\"j-module n j-header \">\n<div id=\"cc-m-14636811423\" class=\"j-module n j-header \">\n<div class=\"cc-m-hgrid-column\">\n<div id=\"cc-matrix-4110070123\">\n<div id=\"cc-m-14636811723\" class=\"j-module n j-header \">\n<div id=\"cc-m-14636811823\" class=\"j-module n j-header \">\n<h1 id=\"cc-m-header-14628848823\" style=\"text-align: center;\"><img loading=\"lazy\" decoding=\"async\" src=\"https:\/\/ihs-lieferservice.de\/wp-content\/uploads\/2022\/06\/image-2.png\" width=\"30\" height=\"26\" alt=\"\" class=\"wp-image-22 alignnone size-full\" \/>\u00a0 \u00a0 M\u00fcnchen\u00a0 \u00a0 <img loading=\"lazy\" decoding=\"async\" src=\"https:\/\/ihs-lieferservice.de\/wp-content\/uploads\/2022\/06\/image-1.png\" width=\"30\" height=\"26\" alt=\"\" class=\"wp-image-20 alignnone size-full\" \/><\/h1>\n<\/div>\n<\/div>\n<\/div>\n<\/div>\n<\/div>\n<\/div>\n<\/div><\/div>\n\t\t\t<\/div>\n\t\t\t<\/div>\n\t\t\t\t\n\t\t\t\t\n\t\t\t\t\n\t\t\t\t\n\t\t\t<\/div><div class=\"et_d4_element et_pb_row et_pb_row_2 et_pb_equal_columns et_pb_gutters1  et_pb_css_mix_blend_mode et_block_row\">\n\t\t\t\t<div class=\"et_d4_element et_pb_column_1_3 et_pb_column et_pb_column_4  et_pb_css_mix_blend_mode et_block_column et_pb_column_empty\">\n\t\t\t\t\n\t\t\t\t\n\t\t\t\t\n\t\t\t\t\n\t\t\t\t\n\t\t\t<\/div><div class=\"et_d4_element et_pb_column_1_3 et_pb_column et_pb_column_5  et_pb_css_mix_blend_mode et_block_column\">\n\t\t\t\t\n\t\t\t\t\n\t\t\t\t\n\t\t\t\t\n\t\t\t\t<div class=\"et_pb_module et_d4_element et_pb_code et_pb_code_0  et_pb_text_align_center\">\n\t\t\t\t\n\t\t\t\t\n\t\t\t\t\n\t\t\t\t\n\t\t\t\t<div class=\"et_pb_code_inner\"><!-- If you would like to customize the button, remove or change the \"class\" attribute inside the <span> tag --><span class=\"glf-button\" data-glf-cuid=\"9f86c4ba-184e-48a0-8951-6fc50f5e39a3\"\ndata-glf-ruid=\"bc56ef11-3816-4217-a701-87b9ecf705b4\">Men\u00fc bestellen<\/span> \n<script src=\"https:\/\/www.fbgcdn.com\/embedder\/js\/ewm2.js\" defer=\"defer\" async=\"async\"><\/script><\/div>\n\t\t\t<\/div>\n\t\t\t<\/div><div class=\"et_d4_element et_pb_column_1_3 et_pb_column et_pb_column_6  et_pb_css_mix_blend_mode et-last-child et_block_column\">\n\t\t\t\t\n\t\t\t\t\n\t\t\t\t\n\t\t\t\t\n\t\t\t\t<div class=\"et_pb_module et_d4_element et_pb_text et_pb_text_3  et_pb_text_align_left et_pb_bg_layout_light\">\n\t\t\t\t\n\t\t\t\t\n\t\t\t\t\n\t\t\t\t\n\t\t\t\t<div class=\"et_pb_text_inner\"><h1><strong>Tel.: 089 74 600 91<\/strong><\/h1><\/div>\n\t\t\t<\/div>\n\t\t\t<\/div>\n\t\t\t\t\n\t\t\t\t\n\t\t\t\t\n\t\t\t\t\n\t\t\t<\/div><div class=\"et_d4_element et_pb_row et_pb_row_3 et_pb_equal_columns et_pb_gutters1  et_pb_css_mix_blend_mode et_block_row\">\n\t\t\t\t<div class=\"et_d4_element et_pb_column_1_3 et_pb_column et_pb_column_7  et_pb_css_mix_blend_mode et_block_column et_pb_column_empty\">\n\t\t\t\t\n\t\t\t\t\n\t\t\t\t\n\t\t\t\t\n\t\t\t\t\n\t\t\t<\/div><div class=\"et_d4_element et_pb_column_2_3 et_pb_column et_pb_column_8  et_pb_css_mix_blend_mode et-last-child et_block_column\">\n\t\t\t\t\n\t\t\t\t\n\t\t\t\t\n\t\t\t\t\n\t\t\t\t<div class=\"et_pb_module et_d4_element et_pb_text et_pb_text_4  et_pb_text_align_left et_pb_bg_layout_light\">\n\t\t\t\t\n\t\t\t\t\n\t\t\t\t\n\t\t\t\t\n\t\t\t\t<div class=\"et_pb_text_inner\"><h2 class=\"\" id=\"cc-m-header-14637110023\" style=\"text-align: left;\">ADRESSE<\/h2>\n<p style=\"text-align: left;\">Plinganser Stra\u00dfe 9<br \/>81369 M\u00fcnchen<\/p>\n<h2 style=\"text-align: left;\"><strong>\u00d6ffnungszeiten<\/strong><\/h2>\n<div class=\"cc-m-hgrid-column\">\n<div id=\"cc-matrix-4110074823\">\n<div id=\"cc-m-14628850123\" class=\"j-module n j-text \">\n<p style=\"text-align: left;\">Montag: Ruhetag (au\u00dfer an Feiertage)<br \/>Dienstag - Freitag: \u00a011:00 - 14:00 Uhr und 17:00 bis 23:00 Uhr<br \/>Samstag: 17:00 bis 23:00 Uhr<br \/>Sonn.-&amp; Feiertage: \u00a0 11:00 - 23:00 Uhr<\/p>\n<\/div>\n<\/div>\n<\/div><\/div>\n\t\t\t<\/div>\n\t\t\t<\/div>\n\t\t\t\t\n\t\t\t\t\n\t\t\t\t\n\t\t\t\t\n\t\t\t<\/div>\n\t\t\t\t\n\t\t\t\t\n\t\t\t<\/div>\n","protected":false},"excerpt":{"rendered":"","protected":false},"author":2,"featured_media":0,"parent":0,"menu_order":0,"comment_status":"closed","ping_status":"closed","template":"","meta":{"_et_pb_use_builder":"on","_et_pb_old_content":"","_et_gb_content_width":"","footnotes":""},"class_list":["post-163","page","type-page","status-publish","hentry"],"_links":{"self":[{"href":"https:\/\/ihs-lieferservice.de\/index.php\/wp-json\/wp\/v2\/pages\/163","targetHints":{"allow":["GET"]}}],"collection":[{"href":"https:\/\/ihs-lieferservice.de\/index.php\/wp-json\/wp\/v2\/pages"}],"about":[{"href":"https:\/\/ihs-lieferservice.de\/index.php\/wp-json\/wp\/v2\/types\/page"}],"author":[{"embeddable":true,"href":"https:\/\/ihs-lieferservice.de\/index.php\/wp-json\/wp\/v2\/users\/2"}],"replies":[{"embeddable":true,"href":"https:\/\/ihs-lieferservice.de\/index.php\/wp-json\/wp\/v2\/comments?post=163"}],"version-history":[{"count":3,"href":"https:\/\/ihs-lieferservice.de\/index.php\/wp-json\/wp\/v2\/pages\/163\/revisions"}],"predecessor-version":[{"id":216,"href":"https:\/\/ihs-lieferservice.de\/index.php\/wp-json\/wp\/v2\/pages\/163\/revisions\/216"}],"wp:attachment":[{"href":"https:\/\/ihs-lieferservice.de\/index.php\/wp-json\/wp\/v2\/media?parent=163"}],"curies":[{"name":"wp","href":"https:\/\/api.w.org\/{rel}","templated":true}]}}